{"id":236,"date":"2017-10-04T21:15:14","date_gmt":"2017-10-04T21:15:14","guid":{"rendered":"http:\/\/209.97.179.44\/?page_id=236"},"modified":"2017-10-13T22:33:49","modified_gmt":"2017-10-13T19:33:49","slug":"yoga","status":"publish","type":"page","link":"https:\/\/siaklakhang.com\/de\/yoga\/","title":{"rendered":"Yoga"},"content":{"rendered":"<p><img loading=\"lazy\" decoding=\"async\" class=\"size-medium wp-image-263 aligncenter\" src=\"http:\/\/209.97.179.44\/wp-content\/uploads\/2017\/10\/yg1-245x300.jpg\" alt=\"\" width=\"245\" height=\"300\" srcset=\"https:\/\/siaklakhang.com\/wp-content\/uploads\/2017\/10\/yg1-245x300.jpg 245w, https:\/\/siaklakhang.com\/wp-content\/uploads\/2017\/10\/yg1.jpg 490w\" sizes=\"(max-width: 245px) 100vw, 245px\" \/><\/p>\n<p>&nbsp;<\/p>\n<p>Geschichte des tibetanischen Yoga Tibetanisches Yoga ist der Anschlu\u00df des Verstandes, des K\u00f6rpers und des Geistes und basiert auf Buddhismus. Das Godly tibetanische Lamas glauben, an, zu leben jeder Moment zum vollsten, um in jedem Moment bewu\u00dft und total anwesend d.h. zu sein. Dieses lebte Lamas f\u00fcr 100 Jahre und mehr aber schaute und glaubte, wie sie 50 Jahre alt waren. Ihr Geheimnis der ewigen Jugend und der Vitalit\u00e4t war ein Satz von 5 einfachen yogic \u00dcbungen, die das ` 5 Rites ` genannt wurden, die \u00fcber Jahrhunderten in den Monasteries von Tibet entwickelt wurden. In 1930 wurden sie zum Westen von einem pensionierten britischen Offizier in der Armee, Corl geholt. Bredford., das mit dem Lamas lebte und die 5 Rites f\u00fcr 3 Jahre \u00fcbte und zur\u00fcckging, viele Jahre j\u00fcnger schauend. Sein Freund, Peter Kelder, notierte die Erfahrungen von Bredford in einem Buch, das &#8220;das alte Geheimnis des Jungbrunnens&#8221; genannt wurde. Millionen Leute fingen an, die 5 Rites mit erstaunlichen Erfahrungen der Wiedergewinnung von von Jugend, Vitalit\u00e4t und des Tiefstands, der Arthritis, des Backache, des Diabetes und der verdauungsf\u00f6rdernden, Atmungs- und Herzprobleme kuriert werden zu tun. Rustam und Razia Patel waren einf\u00fchrt bis die 5 Rites durch einen Freund, der zur\u00fcck zu vollkommener Gesundheit aufgeprallt hatte, nachdem es unter 3 Herzangriffen gelitten hatte. Beeindruckt durch dieses, ging Razia nach USA und nahm Kategorien des tibetanischen Yoga und holte zur\u00fcck B\u00fccher und Bildschirm der 5 Rites. Dann fingen Razia und Rustam an, das Rites und innerhalb der Wochen zu tun wurden kuriert von der Beleg Scheibe und den spondilytis. Sie fingen dann an, tibetanisches Yoga mit ihren Freunden zu teilen, die auch positivem Effekt auf ihre k\u00f6rperliche und Geistesgesundheit glaubten. Eine Dame, die sehr guten Nutzen des Tuns des Rites schrieb einen Artikel in die Zeiten des D\u00fcnndruckpapiers erhielt, und nachdem, diesen Artikel 100s der Leute lesend, den Wunsch benannte, die 5 Rites zu erlernen und die ist, wie Razia anfing, Werkst\u00e4tten zu tun, um Leuten tibetanische yogaand Meditation beizubringen. Das R\u00fcckgespr\u00e4ch, das es von den Teilnehmern erhielten, war drastisches&#8230;.They, das alle sehr energisch glaubten, Entlastung vom Ansatz und Backache erhalten, verringerter hoher der Blutdruck und Diabetes, ihre Konzentration und Leistungsf\u00e4higkeit, die verbessert wurden, und sie f\u00fchlten positiver. &#8220;es ermuntert sehr, um Dameanteil zu h\u00f6ren, da\u00df ihre Ehem\u00e4nner nach Hause von der Arbeit zur\u00fcckkommen, die frisch und also ihre Familie und Sozialleben, energisch f\u00fchlt, improved&#8221;says Razia hat. Was tibetanisches Yoga ist Tibetanisches Yoga enth\u00e4lt von 5 einfach, dennoch von den dynamischen yogic \u00dcbungen, die 5 Tibetaner Rites genannt werden, von der Meditation, vom praanayam und vom positiven Denken. Der f\u00fcnf Tibetaner Rites ist ein Yogaprogramm, das auf einem Ritual der \u00dcbungen basiert, die durch das tibetanische Lamas erfolgt sind, das ihnen zu leben sehr langes und gesundes Leben half und \u00fcberhaupt jung zu bleiben. (sie wurden \u00fcber Jahrhunderten in den Monasteries von Tibet entwickelt. 1930 holte ein pensionierter britischer Offizier in der Armee, der diese vom Lamas erlernte, sie zum Westen). Sie werden jetzt um die Welt ge\u00fcbt und werden gesagt, um Altern zu verhindern. Das gesamte Programm kann in weniger als 20 Minuten durchgef\u00fchrt werden. Ein wichtiges Teil der tibetanischen \u00dcbungen ist eine bewu\u00dfte Synchrounisierung der Atmung beim Durchf\u00fchren der k\u00f6rperlichen T\u00e4tigkeit. Sie gleichen die 7 chakras aus und regulieren den hormonalen Ausgang. Sie bewirken unser Verdauungssystem, cardio Gef\u00e4\u00dfsystem, nerv\u00f6ses System und Atmungssystem. Diese yogic Geheimnisse des niedrigen Profils des Lamas graben die ganze Energie und ein ehrf\u00fcrchtiges Energie L\u00fcgen aus, die innerhalb Sie schlafend ist und richten es mit der kosmischen Energie aus, um Ihnen das beste des Verstandes und des K\u00f6rpers zu geben. F\u00fcnf Tibetaner Rites Der f\u00fcnf Tibetaner Rites ist ein Yogaprogramm, das auf einem Ritual der \u00dcbungen basiert, die durch das tibetanische Lamas erfolgt sind, das ihnen zu leben sehr langes und gesundes Leben half und das vibrant youngand \u00fcberhaupt zu bleiben. Sie sind einfache dennoch in hohem Grade anziehende \u00dcbungen, die jedermann jedes m\u00f6glichen Alters sehr leicht tun kann. Ein wichtiges Teil der tibetanischen \u00dcbungen ist eine bewu\u00dfte Synchrounisierung der Atmung beim Durchf\u00fchren der k\u00f6rperlichen T\u00e4tigkeit. Sie wurden zum Westen fr\u00fch in diesem Jahrhundert von einem pensionierten britischen Offizier in der Armee geholt, der sie von Lamas erlernte und ge\u00fcbt ihnen in einem tibetanischen Lamasery. Er selbst wurde viele Jahre j\u00fcnger. Sie werden um die Welt und sehr wirkungsvoll Altern zu verhindern ge\u00fcbt. Die f\u00fcnf Tibetaner dauern ein Minimum t\u00e4gliche Zeit und Bem\u00fchung aber k\u00f6nnen k\u00f6rperliche St\u00e4rke und Geschmeidigkeit sowie Geistessch\u00e4rfe drastisch erh\u00f6hen. Sogar Neulinge zum Yoga erfahren den f\u00fcnf befreienden Effekt der Tibetaner auf die angeborene energische Energie des menschlichen K\u00f6rpers und des Verstandes. Regelm\u00e4\u00dfige Praxis dieser \u00dcbungen entlastet muskul\u00f6se Spannung und nerv\u00f6sen Druck, verbessert Atmung und Verdauung, f\u00f6rdert das Herzgef\u00e4\u00df- System und f\u00fchrt zu tiefes Entspannung und Wohl. Die f\u00fcnf Tibetaner k\u00f6nnen ein leistungsf\u00e4higer Tr\u00e4ger nicht nur f\u00fcr das Beleben der Richtungen aber auch f\u00fcr das Erzeugen und das Vorspannen der lebenswichtigen Energie f\u00fcr Selbstumwandlung sein.<\/p>\n","protected":false},"excerpt":{"rendered":"<p>&nbsp; Geschichte des tibetanischen Yoga Tibetanisches Yoga ist der Anschlu\u00df des Verstandes, des K\u00f6rpers und des Geistes und basiert auf Buddhismus. Das Godly tibetanische Lamas glauben, an, zu leben jeder Moment zum vollsten, um in jedem Moment bewu\u00dft und total anwesend d.h. zu sein. Dieses lebte Lamas f\u00fcr 100 Jahre und mehr aber schaute und &hellip; <a href=\"https:\/\/siaklakhang.com\/de\/yoga\/\" class=\"more-link\">Continue reading <span class=\"screen-reader-text\">Yoga<\/span><\/a><\/p>\n","protected":false},"author":1,"featured_media":0,"parent":0,"menu_order":0,"comment_status":"closed","ping_status":"closed","template":"","meta":{"ngg_post_thumbnail":0,"footnotes":""},"class_list":["post-236","page","type-page","status-publish","hentry"],"translation":{"provider":"WPGlobus","version":"3.0.0","language":"de","enabled_languages":["tr","en","de"],"languages":{"tr":{"title":true,"content":true,"excerpt":false},"en":{"title":true,"content":true,"excerpt":false},"de":{"title":true,"content":true,"excerpt":false}}},"_links":{"self":[{"href":"https:\/\/siaklakhang.com\/de\/wp-json\/wp\/v2\/pages\/236"}],"collection":[{"href":"https:\/\/siaklakhang.com\/de\/wp-json\/wp\/v2\/pages"}],"about":[{"href":"https:\/\/siaklakhang.com\/de\/wp-json\/wp\/v2\/types\/page"}],"author":[{"embeddable":true,"href":"https:\/\/siaklakhang.com\/de\/wp-json\/wp\/v2\/users\/1"}],"replies":[{"embeddable":true,"href":"https:\/\/siaklakhang.com\/de\/wp-json\/wp\/v2\/comments?post=236"}],"version-history":[{"count":4,"href":"https:\/\/siaklakhang.com\/de\/wp-json\/wp\/v2\/pages\/236\/revisions"}],"predecessor-version":[{"id":352,"href":"https:\/\/siaklakhang.com\/de\/wp-json\/wp\/v2\/pages\/236\/revisions\/352"}],"wp:attachment":[{"href":"https:\/\/siaklakhang.com\/de\/wp-json\/wp\/v2\/media?parent=236"}],"curies":[{"name":"wp","href":"https:\/\/api.w.org\/{rel}","templated":true}]}}