{"id":234,"date":"2017-10-04T21:13:54","date_gmt":"2017-10-04T21:13:54","guid":{"rendered":"http:\/\/209.97.179.44\/?page_id=234"},"modified":"2017-10-13T22:31:48","modified_gmt":"2017-10-13T19:31:48","slug":"taichi","status":"publish","type":"page","link":"https:\/\/siaklakhang.com\/de\/taichi\/","title":{"rendered":"TaiChi Chuan"},"content":{"rendered":"<p><img loading=\"lazy\" decoding=\"async\" class=\"size-medium wp-image-261 aligncenter\" src=\"http:\/\/209.97.179.44\/wp-content\/uploads\/2017\/10\/tc1-252x300.jpg\" alt=\"\" width=\"252\" height=\"300\" srcset=\"https:\/\/siaklakhang.com\/wp-content\/uploads\/2017\/10\/tc1-252x300.jpg 252w, https:\/\/siaklakhang.com\/wp-content\/uploads\/2017\/10\/tc1.jpg 503w\" sizes=\"(max-width: 252px) 100vw, 252px\" \/><\/p>\n<p>TaiChi- Chuan System, innen geerschienen herum 2600 B.C. zu der Zeit des legend\u00e4ren gelben Kaisers. Tats\u00e4chlich gibt es sehr kleine Quellen \u00fcber dieses Thema. Weil am Anfang das System buchst\u00e4blich zwischen die Erzeugungen gebracht wurde, das bedeutet, war er innerhalb der Familie reserviert. Auf diese Weise, einige kleine Details wurden vertraulich gedacht. Entsprechend einer Legende zeugte irgendein alter Mann den Krieg eines Vogels und der hilflosen Schlange. Die Schlange, die das Loswerden die starken Schl\u00e4ge des Vogels mit seinen weichen Schl\u00e4gen, sch\u00fctzte sich vor des starken dem Schnabel und den N\u00e4geln Vogels und besiegte es im Ende. Indem man beginnt, von diesem Punkt zu schauen, wird es offensichtlich gesehen, da\u00df es viele gibt von der Natur erlernt zu werden Sachen. Wie das Wasser bildet Bohrungen in den Felsen, den Blattkampf gegen den Wind usw&#8230;. W\u00e4hrend eine Zusammenfassung es verwirklicht wird, da\u00df die weichen Bewegungen \u00fcber den harten Bewegungen sind. TaiChi-Chuan kann f\u00fcr Ihre Gesundheit und Schutz verwendet werden. Jedoch kann die Training Art sich unterscheiden. In beiden Weisen ist das allgemeine Training die atmentechniken. Rechte Methode der Atmung bildet die Behandlung von der Krankheit und sie verhindert auch die Wiederholung vieler Krankheiten. In jenem Training die f\u00fcr Schutz geneigt werden, werden atmenmethoden und das Angreifen mit Verteidigung, die verschieden ist, Arten von Schl\u00e4gen und Bl\u00f6cke ausgebildet.<\/p>\n","protected":false},"excerpt":{"rendered":"<p>TaiChi- Chuan System, innen geerschienen herum 2600 B.C. zu der Zeit des legend\u00e4ren gelben Kaisers. Tats\u00e4chlich gibt es sehr kleine Quellen \u00fcber dieses Thema. Weil am Anfang das System buchst\u00e4blich zwischen die Erzeugungen gebracht wurde, das bedeutet, war er innerhalb der Familie reserviert. Auf diese Weise, einige kleine Details wurden vertraulich gedacht. Entsprechend einer Legende &hellip; <a href=\"https:\/\/siaklakhang.com\/de\/taichi\/\" class=\"more-link\">Continue reading <span class=\"screen-reader-text\">TaiChi Chuan<\/span><\/a><\/p>\n","protected":false},"author":1,"featured_media":0,"parent":0,"menu_order":0,"comment_status":"closed","ping_status":"closed","template":"","meta":{"ngg_post_thumbnail":0,"footnotes":""},"class_list":["post-234","page","type-page","status-publish","hentry"],"translation":{"provider":"WPGlobus","version":"3.0.0","language":"de","enabled_languages":["tr","en","de"],"languages":{"tr":{"title":true,"content":true,"excerpt":false},"en":{"title":true,"content":true,"excerpt":false},"de":{"title":true,"content":true,"excerpt":false}}},"_links":{"self":[{"href":"https:\/\/siaklakhang.com\/de\/wp-json\/wp\/v2\/pages\/234"}],"collection":[{"href":"https:\/\/siaklakhang.com\/de\/wp-json\/wp\/v2\/pages"}],"about":[{"href":"https:\/\/siaklakhang.com\/de\/wp-json\/wp\/v2\/types\/page"}],"author":[{"embeddable":true,"href":"https:\/\/siaklakhang.com\/de\/wp-json\/wp\/v2\/users\/1"}],"replies":[{"embeddable":true,"href":"https:\/\/siaklakhang.com\/de\/wp-json\/wp\/v2\/comments?post=234"}],"version-history":[{"count":4,"href":"https:\/\/siaklakhang.com\/de\/wp-json\/wp\/v2\/pages\/234\/revisions"}],"predecessor-version":[{"id":350,"href":"https:\/\/siaklakhang.com\/de\/wp-json\/wp\/v2\/pages\/234\/revisions\/350"}],"wp:attachment":[{"href":"https:\/\/siaklakhang.com\/de\/wp-json\/wp\/v2\/media?parent=234"}],"curies":[{"name":"wp","href":"https:\/\/api.w.org\/{rel}","templated":true}]}}