{"id":232,"date":"2017-10-04T21:13:18","date_gmt":"2017-10-04T21:13:18","guid":{"rendered":"http:\/\/209.97.179.44\/?page_id=232"},"modified":"2017-10-13T22:29:45","modified_gmt":"2017-10-13T19:29:45","slug":"siak-lak-hang","status":"publish","type":"page","link":"https:\/\/siaklakhang.com\/de\/siak-lak-hang\/","title":{"rendered":"S\u00fca Lag Hang"},"content":{"rendered":"<p><iframe loading=\"lazy\" title=\"Master Biser Marinov 2010 London\" width=\"660\" height=\"495\" src=\"https:\/\/www.youtube.com\/embed\/nIsjFhzzzDw?feature=oembed\" frameborder=\"0\" allow=\"accelerometer; autoplay; clipboard-write; encrypted-media; gyroscope; picture-in-picture; web-share\" referrerpolicy=\"strict-origin-when-cross-origin\" allowfullscreen><\/iframe><\/p>\n<p>&nbsp;<\/p>\n<p>Dieses ist ein k\u00e4mpfendes System, das nur am Buddha Monastery gedacht wird. Es dauert lange Jahre, um dieses System zu erlernen. Folglich sollte der Kursteilnehmer eine starke Struktur, einen starken Willen und eine grenzenlose Bereitwilligkeit haben zu erlernen. Siak Lak Fall als seine Wortbedeutung Mittel &#8220;das lange Endst\u00fcck des Tigers&#8221; das System beruht auf den Tierbewegungen als Grundregel. Das System wurde angehoben, nachdem man beobachtet hatte und viele Tiere f\u00fcr lange Jahre w\u00e4hrend, jagen sie \u00fcberpr\u00fcfend, wie sie gegen J\u00e4ger sich sch\u00fctzen und wie sie in der Natur f\u00fcr lange Jahre \u00fcberleben. Sie schlie\u00dft Katze, Tiger, Leopard, Schlange, Kranvogel, B\u00e4r mit ein und Affe styles sie selbst. Wenn wir \u00fcber die Verschiedenartigkeit in der Natur betrachten, und w\u00e4hrend eine Sorte unterschiedliche Arten der Tiere umfa\u00dft, hat das System unterschiedliche Arten, die mit dem gleichen Namen genannt werden. Zu erlernen ist sehr schwierig. Weil in anderen Systemen die Techniken, die F\u00e4uste und geschlossene H\u00e4nde einschlie\u00dfen, mehr sind. Die Techniken, die durch Finger gebildet werden, sind sehr selten oder dort sind keine Techniken mit den Fingern. Siak Lak im Fall werden die Bewegungen der Tiere, die sie mit Greifern bilden, mit den menschlichen H\u00e4nden angewendet. Vom Gesichtspunkt, der &#8220;, wenn die Finger der Person der K\u00f6rper ist auch stark&#8221; stark sind, fahren viele Balance Bewegungen ab und k\u00f6rperliche Kultur bewegt ausgebildet zu werden. In den Balance Bewegungen m\u00fcssen sehr lange Bezeichnungen in der LageSEIN durchgef\u00fchrt zu werden. Zusammen mit diesem werden die Lage und die gehenden Arten der Tiere auch ausgebildet. Zu diesem Zweck; der K\u00f6rper von der Kursteilnehmer mu\u00df flexibel sein und er\/sie mu\u00df gegen harte k\u00f6rperliche und geistige Bedingungen stark sein. Die Flexibilit\u00e4t kann durch Training gewonnen werden. Die schwierige Gleichheit ist, da\u00df, abh\u00e4ngig von dem Alter, wenn es begonnen wird, dort Zeit f\u00fcr zu Wiedergewinnung die Formen des Muskels und der Gewebestruktur des K\u00f6rpers f\u00fchren m\u00fcssen. Die k\u00f6rperliche St\u00e4rke kann durch die regelm\u00e4\u00dfigen und langen tern Wiederholungen gewonnen werden. Der schwierige Punkt soll die Ern\u00e4hrungnotwendigkeit des K\u00f6rpers an der Nahrung liefern und schlafen und den K\u00f6rper liefern, um an seine neue Justage zu gelangen. Die Hauptschwierigkeit ist da\u00df, wenn die Person den Frieden mit versehen kann. Die Kursteilnehmer d\u00fcrfen nicht von jener sch\u00e4dlichen runden Haltung niedrig-spirited werden und d\u00fcrfen nicht seine Steuerung in jenen Bewegungen l\u00f6sen, die Gl\u00fcck und Vergn\u00fcgen emotional liefern. Das Lernen eines k\u00e4mpfenden Systems h\u00e4ngt von der Person ab. Lassen Sie uns annehmen, da\u00df wir jede Technik mit einem Wort zusammenbringen und wir den Leuten da\u00df als Sprache unterrichten. Viele Leute k\u00f6nnen sich verstehen, indem sie die sinnvollen und korrekten S\u00e4tze verwenden. Aber einige Leute interessieren nicht sich f\u00fcr die W\u00f6rter, die, sie beim Bilden der S\u00e4tze verwenden. Sie sprechen, aber was sie sagen, k\u00f6nnen eine Bedeutung nie haben. Sie machen weder ausdr\u00fccken ihre Selbst noch verstehen die anderen Leute ein. Folglich in einem k\u00e4mpfenden System ist es nicht wichtig, wieviele Techniken Sie kennen. Der wichtige Punkt soll eine Technik wahrnehmen, und sie an den schnellsten oder langsamsten Weise in jeder Art Klima verwenden. Erlernenein system Mittel, gerade wie dieses Tier, Jagd zu sein m\u00f6gen dieses Tier und schlafen wie dieses Tier und das wichtigste alles Lebens wie dieses Tier. Folglich jene Teile des Trainings; welche in der Natur aufgewendet werden, seien Sie extrem wichtig. Weil das ist, nur wenn die Art Sie annimmt und die Techniken werden begonnen, richtig durchgef\u00fchrt zu werden.<\/p>\n","protected":false},"excerpt":{"rendered":"<p>&nbsp; Dieses ist ein k\u00e4mpfendes System, das nur am Buddha Monastery gedacht wird. Es dauert lange Jahre, um dieses System zu erlernen. Folglich sollte der Kursteilnehmer eine starke Struktur, einen starken Willen und eine grenzenlose Bereitwilligkeit haben zu erlernen. Siak Lak Fall als seine Wortbedeutung Mittel &#8220;das lange Endst\u00fcck des Tigers&#8221; das System beruht auf &hellip; <a href=\"https:\/\/siaklakhang.com\/de\/siak-lak-hang\/\" class=\"more-link\">Continue reading <span class=\"screen-reader-text\">S\u00fca Lag Hang<\/span><\/a><\/p>\n","protected":false},"author":1,"featured_media":0,"parent":0,"menu_order":0,"comment_status":"closed","ping_status":"closed","template":"","meta":{"ngg_post_thumbnail":0,"footnotes":""},"class_list":["post-232","page","type-page","status-publish","hentry"],"translation":{"provider":"WPGlobus","version":"3.0.0","language":"de","enabled_languages":["tr","en","de"],"languages":{"tr":{"title":true,"content":true,"excerpt":false},"en":{"title":true,"content":true,"excerpt":false},"de":{"title":true,"content":true,"excerpt":false}}},"_links":{"self":[{"href":"https:\/\/siaklakhang.com\/de\/wp-json\/wp\/v2\/pages\/232"}],"collection":[{"href":"https:\/\/siaklakhang.com\/de\/wp-json\/wp\/v2\/pages"}],"about":[{"href":"https:\/\/siaklakhang.com\/de\/wp-json\/wp\/v2\/types\/page"}],"author":[{"embeddable":true,"href":"https:\/\/siaklakhang.com\/de\/wp-json\/wp\/v2\/users\/1"}],"replies":[{"embeddable":true,"href":"https:\/\/siaklakhang.com\/de\/wp-json\/wp\/v2\/comments?post=232"}],"version-history":[{"count":3,"href":"https:\/\/siaklakhang.com\/de\/wp-json\/wp\/v2\/pages\/232\/revisions"}],"predecessor-version":[{"id":348,"href":"https:\/\/siaklakhang.com\/de\/wp-json\/wp\/v2\/pages\/232\/revisions\/348"}],"wp:attachment":[{"href":"https:\/\/siaklakhang.com\/de\/wp-json\/wp\/v2\/media?parent=232"}],"curies":[{"name":"wp","href":"https:\/\/api.w.org\/{rel}","templated":true}]}}