{"id":230,"date":"2017-10-04T21:12:00","date_gmt":"2017-10-04T21:12:00","guid":{"rendered":"http:\/\/209.97.179.44\/?page_id=230"},"modified":"2017-10-13T22:27:59","modified_gmt":"2017-10-13T19:27:59","slug":"meditasyon","status":"publish","type":"page","link":"https:\/\/siaklakhang.com\/de\/meditasyon\/","title":{"rendered":"Meditation"},"content":{"rendered":"<p><img loading=\"lazy\" decoding=\"async\" class=\"size-medium wp-image-257 aligncenter\" src=\"http:\/\/209.97.179.44\/wp-content\/uploads\/2017\/10\/md2-300x188.jpg\" alt=\"\" width=\"300\" height=\"188\" srcset=\"https:\/\/siaklakhang.com\/wp-content\/uploads\/2017\/10\/md2-300x188.jpg 300w, https:\/\/siaklakhang.com\/wp-content\/uploads\/2017\/10\/md2-768x481.jpg 768w, https:\/\/siaklakhang.com\/wp-content\/uploads\/2017\/10\/md2.jpg 800w\" sizes=\"(max-width: 300px) 100vw, 300px\" \/><\/p>\n<p>&nbsp;<br \/>\ntxt=Meditation bedeutet tief und weitgehend denken auf einem Thema. Es ist der Versuch, die Antwort zur Frage, die f\u00fcr eine Antwort, mit der Hoffnung und dem Zweck des Begreifens der Wirklichkeit von etwas steht, indem es r\u00fcckw\u00e4rts jene irrelevanten Gedanken aufzudecken sendet. Meditation holt Ihnen die Aufkl\u00e4rung (Zustand von \u00fcber die Bedeutung des Seins und Ihres Platzes beim Sein bewu\u00dft instinktiv sein). Zusammen mit der Aufkl\u00e4rung finden Sie den Kern Ihres Seins, das vollst\u00e4ndig im Frieden mit Sein ist. In der \u00e4u\u00dferen Welt ist solche F\u00e4lle, die Sie ungl\u00fccklich extrem bilden k\u00f6nnen und das bilden kann, Sie betont stattfinden kann, aber Innere &#8220;in Ihrem Kern&#8221; dort nur Zustand des Friedens. Am Resultat der Meditation entdecken Sie, da\u00df Ihr Sein nicht ein Feind ist und es Ihr Freund ist und auch Sie die Klugheit entdecken, um t in ein Festival f\u00fcr das Leben umzuwandeln.<br \/>\n&nbsp;<\/p>\n<p><img loading=\"lazy\" decoding=\"async\" class=\"size-medium wp-image-258 aligncenter\" src=\"http:\/\/209.97.179.44\/wp-content\/uploads\/2017\/10\/md7-e1507396034758-300x265.jpg\" alt=\"\" width=\"300\" height=\"265\" srcset=\"https:\/\/siaklakhang.com\/wp-content\/uploads\/2017\/10\/md7-e1507396034758-300x265.jpg 300w, https:\/\/siaklakhang.com\/wp-content\/uploads\/2017\/10\/md7-e1507396034758.jpg 433w\" sizes=\"(max-width: 300px) 100vw, 300px\" \/><\/p>\n","protected":false},"excerpt":{"rendered":"<p>&nbsp; txt=Meditation bedeutet tief und weitgehend denken auf einem Thema. Es ist der Versuch, die Antwort zur Frage, die f\u00fcr eine Antwort, mit der Hoffnung und dem Zweck des Begreifens der Wirklichkeit von etwas steht, indem es r\u00fcckw\u00e4rts jene irrelevanten Gedanken aufzudecken sendet. Meditation holt Ihnen die Aufkl\u00e4rung (Zustand von \u00fcber die Bedeutung des Seins &hellip; <a href=\"https:\/\/siaklakhang.com\/de\/meditasyon\/\" class=\"more-link\">Continue reading <span class=\"screen-reader-text\">Meditation<\/span><\/a><\/p>\n","protected":false},"author":1,"featured_media":0,"parent":0,"menu_order":0,"comment_status":"closed","ping_status":"closed","template":"","meta":{"ngg_post_thumbnail":0,"footnotes":""},"class_list":["post-230","page","type-page","status-publish","hentry"],"translation":{"provider":"WPGlobus","version":"3.0.0","language":"de","enabled_languages":["tr","en","de"],"languages":{"tr":{"title":true,"content":true,"excerpt":false},"en":{"title":true,"content":true,"excerpt":false},"de":{"title":true,"content":true,"excerpt":false}}},"_links":{"self":[{"href":"https:\/\/siaklakhang.com\/de\/wp-json\/wp\/v2\/pages\/230"}],"collection":[{"href":"https:\/\/siaklakhang.com\/de\/wp-json\/wp\/v2\/pages"}],"about":[{"href":"https:\/\/siaklakhang.com\/de\/wp-json\/wp\/v2\/types\/page"}],"author":[{"embeddable":true,"href":"https:\/\/siaklakhang.com\/de\/wp-json\/wp\/v2\/users\/1"}],"replies":[{"embeddable":true,"href":"https:\/\/siaklakhang.com\/de\/wp-json\/wp\/v2\/comments?post=230"}],"version-history":[{"count":4,"href":"https:\/\/siaklakhang.com\/de\/wp-json\/wp\/v2\/pages\/230\/revisions"}],"predecessor-version":[{"id":347,"href":"https:\/\/siaklakhang.com\/de\/wp-json\/wp\/v2\/pages\/230\/revisions\/347"}],"wp:attachment":[{"href":"https:\/\/siaklakhang.com\/de\/wp-json\/wp\/v2\/media?parent=230"}],"curies":[{"name":"wp","href":"https:\/\/api.w.org\/{rel}","templated":true}]}}