{"id":226,"date":"2017-10-04T21:11:23","date_gmt":"2017-10-04T21:11:23","guid":{"rendered":"http:\/\/209.97.179.44\/?page_id=226"},"modified":"2017-10-13T22:26:13","modified_gmt":"2017-10-13T19:26:13","slug":"kungfu","status":"publish","type":"page","link":"https:\/\/siaklakhang.com\/de\/kungfu\/","title":{"rendered":"KungFu"},"content":{"rendered":"<p><img loading=\"lazy\" decoding=\"async\" class=\"size-medium wp-image-269 aligncenter\" src=\"http:\/\/209.97.179.44\/wp-content\/uploads\/2017\/10\/logo-300x280.jpg\" alt=\"\" width=\"300\" height=\"280\" srcset=\"https:\/\/siaklakhang.com\/wp-content\/uploads\/2017\/10\/logo-300x280.jpg 300w, https:\/\/siaklakhang.com\/wp-content\/uploads\/2017\/10\/logo.jpg 747w\" sizes=\"(max-width: 300px) 100vw, 300px\" \/><\/p>\n<p>Menschliche Kraft ist ein anderer bedeutender Faktor, der zur Entwicklung der Gesellschaft beitr\u00e4gt. Die, die zur Entwicklung beitragen, werden angefordert, gesund zu sein. Jene Gesellschaften, die ein gesundes Kind beobachten, w\u00e4hrend eine Sicherheit f\u00fcr gro\u00dfe Aufmerksamkeit des zuk\u00fcnftigen Erscheinens zu den Kindern an allen auff\u00e4ngt. Gesundheit bedeutet das Wohl des K\u00f6rpers in Bezug auf die k\u00f6rperlichen, geistigen und Sozialbedingungen. Korrekte und ausgeglichene Nahrung wird f\u00fcr Wachstum und Entwicklung des K\u00f6rpers, f\u00fcr die Innovation der Gewebe und f\u00fcr Energie-Versorgungsmaterial angefordert; kurz gesagt wird korrekte und ausgeglichene Nahrung f\u00fcr Gesundheit und das \u00dcberleben des Lebens angefordert. Gesundheit wird oben von drei Grundlagen wie k\u00f6rperliches, geistiges und Sozial gebildet. Eine Balance kann erreicht werden, wenn diese drei Grundlagen zusammen gefunden werden. Die sich entwickelnde Wissenschaft und die Technologie und die \u00fcberf\u00fcllten St\u00e4dte haben die gegenw\u00e4rtigen Menschen in Einsamkeit gedr\u00fcckt. Folglich wurde geistige Gesundheit wichtig. Gl\u00fcck und der Komfort der Gesellschaft h\u00e4ngt vom gesunden Sein und vom Gl\u00fcck jener Einzelpersonen ab, die herauf die Gesellschaft sich bilden. In der T\u00fcrkei dort neigten viele Sportzentren, die Dienstleistungen liefern, f\u00fcr Fareast k\u00e4mpfende k\u00fcnste. Wenn wir die p\u00e4dagogischen Systeme dieser Saloons Kung-Fu betrachten, ist sehr allgemein. Jedoch ist der Standard des p\u00e4dagogischen Systems nicht sehr klar. Z.B. gibt es viele Sto\u00df-Kastenkurse, die unter dem Namen Kung Fu bereitgestellt werden, und es gibt sogar solche Saloons, in denen Kursteilnehmer bereits an den ersten Lektionen konkurrieren. Als Folge stoppt der Kursteilnehmer, um die Kurse zu nehmen, da s\/he nicht zu solch einer T\u00e4tigkeit noch bereit ist. Au\u00dferdem; an einigen Saloons, welche sogar die Lehrer nicht mit gen\u00fcgenden technischen Informationen ausger\u00fcstet werden, sie, hinzuf\u00fcgen neue Techniken dem System, also ist es nie klar durch, welches System sie die Ausbildung liefern. Zusammen mit diesem behaupten sie, da\u00df es solche Techniken, in denen nur St\u00f6\u00dfe und F\u00e4uste angefordert werden, aber es durch diese Art oder durch andere F\u00e4lle nicht annehmbar ist, Techniken gibt, die in der Wirklichkeit, die so kombiniert wurde, nicht Kung Fu geh\u00f6ren w\u00fcrde. Die jungen Sportsmen, die in solcher Weise erzogen werden, glauben, da\u00df Kung Fu solch eine Struktur hat und wenn solche F\u00e4lle oben in reales Leben kommen, sie werden geneigt zur Gewaltt\u00e4tigkeit, da sie eine Ausbildung nur f\u00fcr St\u00f6\u00dfe und F\u00e4uste empfangen haben. W\u00e4hrend; das auf Tatsachen beruhende Ziel der Kung-fu Ausbildung ist, den Menschen zur Verf\u00fcgung zu stellen, um seine\/ihr Automobil-Steuerung zu unterst\u00fctzen. Tats\u00e4chlich ist es durch alle m\u00f6gliche Leute weithin bekannt, da\u00df mehr Geduld angefordert wird. Jedoch ist der wichtige Punkt hier \u00fcber, wie diese charakteristische Eigenschaft gewonnen wird. Tats\u00e4chlich ist er sehr einfach. Er wird gewonnen, gerade w\u00e4hrend die anderen charakteristischen Eigenschaften gewonnen werden. Das ist, indem es stark arbeitet. Kung Fu erfordert Fortsetzung; das gew\u00fcnschte Niveau wird durch ununterbrochene Arbeit gewonnen. Das bedeutet, da\u00df alle jene Talente nach einer ununterbrochenen Bem\u00fchung gewonnen werden. F\u00fcr sicheres hier gibt es eine Ausnahme. Die physiologische Struktur des Menschen deckt die \u00c4nderung abh\u00e4ngig von dem Alter begonnen, um Kung Fu zu \u00fcben auf. Als Beispiel ist die Flexibilit\u00e4t eines Kindes 5-year-old unterschiedliche Form ein Jugendlichen 15-year-old. Dieser Unterschied hat eine genetische Eigenschaft. Ein Beispiel zur genetischen Eigenschaft ist; die Balance leicht liefern oder die Schmerz besser besch\u00e4ftigend. Zus\u00e4tzlich zu allem ist diese, alle Bewegungen erlernend leicht auch eine genetische Eigenschaft. Dieses deckt auf, da\u00df Talent der Vorstellung mehr entwickelt hat. Eine Person mu\u00df eine Ausbildung erwarten, die ausgewertet wird, indem man alle diese Tatsachen erfa\u00dft. Zuerst von der ganzer Person mu\u00df mit den grundlegenden Techniken von Kung-fu w\u00e4hrend einer bestimmten Zeit ausbilden. Diese sind Bewegungen wie Grundbilanzbewegungen und das grundlegende Gehen bewegt. Es ist nicht wichtig, wer ausbildet. Wenn die grundlegenden Techniken ausgebildete f\u00fcr eine lange Zeit alle sind, k\u00f6nnen andere Bewegungen in einer kurzen Periode wahrgenommen werden und k\u00f6nnen durch diese Person durchf\u00fchrbar werden. Die folgende Phase der Ausbildung besteht aus Flexibilit\u00e4t und akrobatischen Bewegungen. Viele Systeme von Kung Fu schlie\u00dfen akrobatische Techniken ein. Flexibilit\u00e4t bildet viele Bewegungen das viel einfache Beginnen von Schl\u00e4ge zu Entweichen. Nach diesen Phasen grundlegenden F\u00e4usten blockiert und St\u00f6\u00dfe werden begonnen ausgebildet zu werden. Es gibt viele Phasen f\u00fcr die Ausbildung einer Technik. Zuerst von der ganzer Technik mu\u00df durch den K\u00f6rper gezeigt werden und nachdem man ihn zu vielen Malen wiederholt hat, wird das Gehirn geliefert, um die physiologische Art der Technik zu erreichen. Wenn Sie den ersten fl\u00fcchtigen Blick nehmen, kann er m\u00f6glicherweise nicht scheinen, zu sein schwieriger der. Jedoch wird dieses Training geliefert, indem man die Technik mindestens 1000mal ein Tag wiederholt. Nach dieser Phase; Training neigte, die Technik st\u00e4rker anzuschlagen und schnell wird zugetroffen. Der Gebrauch von der Technik am unterschiedlichen Boden, die wir &#8220;praktischen Nutzen&#8221; nennen, bedeutet, da\u00df die Technik, die an bearbeitet wird, erlernt worden ist. Diese Reihenfolge von Phasen ist f\u00fcr alle ausgebildeten Techniken anwendbar. Viele Techniken, die scheinen, am ersten fl\u00fcchtigen Blick einfach zu sein, aber, die tats\u00e4chlich hart, praktisch sind zuzutreffen, k\u00f6nnen durch H\u00f6flichkeit dieses Trainings erlernt werden und verwendet werden. Zweifellos ist es einfach, einige der Techniken zu erlernen. Bl\u00f6cke zu nehmen oder das Entgehen ist schwieriger als anschlagend. Der Mensch m\u00f6chte instinktiv reagieren ein Angriff. Diese instinktive Bewegung kann m\u00f6glicherweise nicht im Systemtest erscheinen. In einer Rede kann sie Sie f\u00fchren, verteidigende W\u00f6rter zuerst aber zu verwenden kann Sie dann die Gegen, Partei zu beschuldigen beginnen lassen. Dieses ist eine Tatsache ganz \u00fcber menschliche Psychologie. Tats\u00e4chlich ist eins der Hauptziele von Kung Fu, die menschliche Steuerung in seinen eigenen H\u00e4nden beizubehalten. (dieses Thema wird ausf\u00fchrlich an den weiterkommenden Abschnitten angefa\u00dft). Falls von einem Angriff, die Reaktion, indem sie einen Block nimmt, anstatt zu entgehen oder anzuschlagen, bedeutet, da\u00df die Gef\u00fchle der Person wie Geduld, Furcht unter Steuerung sind. Die Person ist geduldig, weil s\/he wartet, da\u00df zu rechtem Moment anschl\u00e4gt. In der Mittelzeit l\u00e4\u00dft die Person die Schl\u00e4ge auf seinem K\u00f6rper ihn nicht verwirren. Der Gedanke, da\u00df s\/he den Kampf l\u00f6sen kann, \u00fcberschreitet nicht von seinem Verstand. Weil der Kampf w\u00e4hrend des Kampfes seine eigene Herausforderung ist Die ganze dieses Training kann und auch innerhalb der regelm\u00e4\u00dfigen Abst\u00e4nde w\u00e4hrend des Tages Schritt f\u00fcr Schritt angewendet werden. Hier, w\u00e4hrend die Entwicklung der Person vom Programm abh\u00e4ngt, ist der Trainingskurs von der gro\u00dfen Bedeutung. Es dauert ungef\u00e4hr 2 Jahre, um alle diese Phasen durchzuf\u00fchren. Gerade nimmt das grundlegende Training von Kung Fu zwischen 6 Monaten bis einem Jahr. Am Ende ungef\u00e4hr zwei Jahre des Trainings, wird der Kursteilnehmer zugesprochen, um gelben Riemen zu nehmen. Der wei\u00dfe Riemen wird nach dem Training der grundlegenden Techniken zugesprochen. Hier vom Kursteilnehmer beginnt, Ausbildung von Kung Fu zu nehmen, das zum System Lernen geneigt wird. Tats\u00e4chlich zu k\u00e4mpfen ist m\u00f6glich, mit nur den grundlegenden Techniken. Jedoch ist das Grundregelziel von Kung Fu nicht gerechtes K\u00e4mpfen. Das Grundregelziel ist, den Geist zu erziehen. Tats\u00e4chlich wird getanes alles gebildet, um den Geist zu erziehen. K\u00f6rper ist ein Werkzeug gerecht. Direktion ist immer der Geist. Das k\u00f6rperliche Training, die f\u00fcr lange Zeiten fortfahren, stellt Freiheit zur Seele zur Verf\u00fcgung. Kampf kann durch H\u00f6flichkeit des Geistes nur gewonnen werden. L\u00e4\u00dft annehmen, da\u00df Sie Kung fu erlernen m\u00f6chten. Jedoch ist Ihr K\u00f6rper so schwach, da\u00df Sie nicht das Training durchf\u00fchren k\u00f6nnen und Sie eine dauerhafte Unf\u00e4higkeit haben. W\u00fcnschen Sie kann Sie dann tun? Was liefern w\u00fcrde, ist das continuousness des Trainings auch nicht Ihres St\u00e4rke nicht Ihres K\u00f6rpers, der die Schmerz besch\u00e4ftigt. Diese Eigenschaften sind solche Eigenschaften gerecht, denen Unterst\u00fctzungen Sie, zum in kung-fu leicht weiterzukommen oder und Sie das eher entwickeln l\u00e4\u00dft, das Ihre diese Art der Eigenschaften aufdeckt. Die bedeutendste charakteristische Eigenschaft, die das continuousness liefert, ist die Bereitwilligkeit des Kursteilnehmers. Dieser Wunsch ist auf solch einem hohem Niveau an denen, die im kung-fu ausgebildet werden, liefert sie, um unter, Bedingung sehr auszubilden fortzufahren. Dieses liefert die Person, um die Schmerz und das tiredness aus seinem\/ihr Verstand heraus zu erhalten, einen ruhigen Verstand und einen Fokus an zu erhalten, wo der Fokus angefordert wird. Das Ziel des Zweckes ist Zehe lassen die Person him\/herself kennen. Folglich wird die k\u00f6rperlichen Unterschiede und die sogar Unf\u00e4higkeit nicht Sperren. Lassen Sie uns annehmen, da\u00df eins Ihrer Organe zu dem anderen unterschiedlich ist. Lassen Sie uns sagen, da\u00df eins Ihrer Beine k\u00fcrzer ist. Sie haben M\u00fche beim Gehen. Sie k\u00f6nnen nicht schnell umziehen, wie das ganzes Ihr Gewicht auf einem Ihrer Beine geladen wird. Wenn Sie dieses von drau\u00dfen darstellen, kann dieses wie ein Defekt aussehen. Jedoch hat dieses a plus Beitrag, den die Leute nicht Gruppen. Da mot des K\u00f6rpergewichts auf einem Bein erfa\u00dft wird, sind die Gewebe auf diesem Bein sich entwickelt. Au\u00dferdem arbeitet Balance System im Gehirn, um diese Person zur Arbeit auf einem Bein zur Verf\u00fcgung zu stellen. Balance ist ein System, das ein unterschiedliches Training gleichg\u00fcltig, erfordert, die System in beteiligtem ausgleichen. Solch eine Unf\u00e4higkeit ist nicht eine Sperre, damit Sie kung-fu Ausbildung nehmen, aber auch sie w\u00fcrde Ihnen die M\u00f6glichkeit geben, um erzogener Brei zu sein besser, da\u00df die, die wir benennen k\u00f6nnen, gesundes 100% sind. Der Grundregelpunkt ist, da\u00df die Person beginnt, him\/he Selbst zu kennen. Wie Sie auch verwirklicht haben, schlie\u00dft kung-fu Ausbildung ein Schulwesen ein, die wird erreicht nachdem langes Training verstricken, das extrem schwierig sind und die auch anfangen, Nutzen an den kurzen Bezeichnungen zur Verf\u00fcgung zu stellen. Wir k\u00f6nnen dieses System als Treppe Weise und das Training annehmen als Erwarten von von Periode an jedem Schritt. Im Allgemeinen beginnt der Kursteilnehmer, him\/herself am Ende dieser Ausbildung zu fragen. Wenn es durch \u00fcberpr\u00fcft wird, hat s\/he sich von allen Punkten entwickelt. S\/heIST in der Lage, Geistes-, geistige und k\u00f6rperliche Steuerung zur Verf\u00fcgung zu stellen. Aber scheint noch vermissendes etwas. Am Ende verwirklicht s\/he es; die fehlende Sache ist, da\u00df das kung-fu Training nicht noch durchgef\u00fchrt worden ist. Da es in meiner vorhergehenden Metapher erw\u00e4hnt worden ist, m\u00fcssen Sie die Treppe mit \u00fcberzeugten Schritten im kung-fu Training klettern. Jedoch gibt es solchen einen Schritt, der den Kursteilnehmer, f\u00fcr viele Jahre zu arbeiten erfordert und die Ausg\u00e4nge dieses Trainings zu f\u00f6rdern, die s\/he bis dann genommen hat. Dieses ist das Tai Chi-Chuan System. Es ist Ursprung ist von Fareast. Die Geburt der Systeme erreicht oben bis die Zeit der Reiche. Beendigung des Systems hat viele Jahre gedauert. Weil die Entwicklung von tai Chi-Chuan nicht in einer Mitte beibehielt, haben viele Gemeinschaften, die weit weg von einander gelebt haben, zu seiner Anordnung an den unterschiedlichen Bezeichnungen betreffend sind seine Auffassung und Techniken beigetragen. Sie haben die Techniken oben bis diese Zeit geteilt, wann immer sie zusammen erfa\u00dft haben. Auf diese Weise haben sie die Fortsetzung des Systems geliefert und sie auf folgende Erzeugungen gebracht. Der gr\u00f6\u00dfte Faktor in der Geburt des Systems ist, da\u00df die Leute gesund sein m\u00f6chten. In den alten Zeiten wollten die Leute ein ruhiges Leben f\u00fchren, wollten sie weg von den Kriegen beibehalten und wollten im Frieden auf ihrem eigenen Land leben. Sie wu\u00dften, da\u00df diese Nachfrage durch einen gesunden und freien K\u00f6rper nur erhalten werden k\u00f6nnte, und durch einen Verstand, den Sie ohne zu jedermann Sklaven zu sein verwenden. Mit diesem Ziel begannen sie, nach den Methoden zu suchen, um diese Eigenschaften zu gewinnen. Nach einer bestimmten Zeit verwirklichten sie den, es geben einen Anschlu\u00df zwischen Sein gesund und dem F\u00fchren eines sauberen Lebens. Mit sauberer Nahrung und Getr\u00e4nken einziehen, lebend in einem sauberen Klima und im wichtigsten von allen, die saubere Gedanken haben. Wenn der Mensch stoppen k\u00f6nnte, w\u00fcrden die negativen Gedanken im her\/his Verstand s\/he innere Sch\u00f6nheit au\u00dferdem, s\/he k\u00f6nnen die schlechten Sachen schnell verwirklichen erreichen. Die Leute, die solche Gedanken am Ende hatten, verwirklichten die sch\u00f6nste Sache, die Grundregelquelle des Lebens um sie. Die ist Natur. Viele Leute begannen, die Lebhaftigkeit in der Natur zu \u00fcberpr\u00fcfen. Sie haben versucht, zu verstehen wenn nur das starke und das heftige oder die, die gescheit sind und schnell haben \u00fcberlebt. W\u00e4hrend dieser Zeiten begannen viele Leute, das Verhalten s der Tiere zu beobachten. Sie beobachteten, wie die lebende Sachen \u00fcberlebten und wie sie sich einzogen. Sie sahen, wie sie ihre K\u00f6rper sch\u00fctzten und wie sie ihr Sein unter solchen schwierigen nat\u00fcrlichen Bedingungen f\u00fcr Menschen \u00fcberlebten. Diese Untersuchung und Pr\u00fcfung ist die Quelle von k\u00f6nnen kung-fu Systeme, die noch zu unserer Gegenwart ausgebildet werden, das Siak Lak Fallsystem gewesen, das voran ist. Sp\u00e4ter verstanden sie, da\u00df die Lebhaftigkeit in der Natur nicht mit nur den Tieren begrenzt wird. Die Natur f\u00fchrte ein Leben innerhalb sich. Sie hat f\u00fcr Tausenden Jahre bestanden, und wer f\u00fcr, wieviele Tausenden Jahre \u00fcberhaupt wissen k\u00f6nnte es im BegriffWAR, eine Lebenquelle f\u00fcr Erzeugungen zu sein. Die, die diese Tatsache verstanden, begannen, die Natur als Ganzes zu \u00fcberpr\u00fcfen und sie verwirklichten jene Nahrungquellen, die wir nennen k\u00f6nnen das Geb\u00e4udeelement, das das Leben zu allem Leben gibt und sie liefert, um fortzufahren. Das hei\u00dft, jene Grundregelelemente, Wasser, Boden und Luft wurde verwirklicht. Tats\u00e4chlich sind sie dort seit dem Anfang gewesen. Sie gerade stellten nicht fest, wie wichtig sie f\u00fcr selbst gewesen sind. Boden und Wasser ist das Leben gewesen und einziehende Quelle f\u00fcr alle lebenden Sachen und die Luft half uns toe fortsetzen unser Sein. Denken Sie einfach w\u00e4hrend eines Momentes, wir kann fortfahren, w\u00e4hrend einer bestimmten Zeit zu leben, ohne zu schlafen oder zu essen, aber was, wenn wir nicht Luft erhalten. Sie k\u00f6nnen f\u00fcr gerade einige Minuten \u00fcberleben. TaiChi-Chuan dr\u00fcckt dieses aus. Die Bedeutung des Lebens wird in Leben selbst enthalten. TaiChi-Chuan Entwicklung hat diesen Punkt geliefert, indem sie diese Auffassung als Grundlage nahm. Sie besteht aus vielen unterschiedlichen Abschnitten, die zu einander sehr unterschiedlich sind. In jedem Abschnitt ist der allgemeine Zweck, den K\u00f6rper flexibel zu bilden und die korrekte Atmung zu liefern. Das korrekte Ausschelten liefert das korrekte Arbeiten der inneren Organe, das Herz, das das Prim\u00e4r ist. Durch die H\u00f6flichkeit von diesem, sind die Behandlung der Krankheiten schneller, nachdem eine bestimmte Zeit die Gesundheit Probleme fast vollst\u00e4ndig verschwinden. Sie wird oben von den unterschiedlichen Abschnitten gebildet, weil die angewandten Techniken f\u00fcr das Arbeiten bestimmter innerer Organe geneigt werden. Z.B. w\u00e4hrend ein Abschnitt die Flexibilit\u00e4t des Bauches liefert, stellt der andere Abschnitt Ihren Magen zum Rest zur Verf\u00fcgung.<\/p>\n","protected":false},"excerpt":{"rendered":"<p>Menschliche Kraft ist ein anderer bedeutender Faktor, der zur Entwicklung der Gesellschaft beitr\u00e4gt. Die, die zur Entwicklung beitragen, werden angefordert, gesund zu sein. Jene Gesellschaften, die ein gesundes Kind beobachten, w\u00e4hrend eine Sicherheit f\u00fcr gro\u00dfe Aufmerksamkeit des zuk\u00fcnftigen Erscheinens zu den Kindern an allen auff\u00e4ngt. Gesundheit bedeutet das Wohl des K\u00f6rpers in Bezug auf die &hellip; <a href=\"https:\/\/siaklakhang.com\/de\/kungfu\/\" class=\"more-link\">Continue reading <span class=\"screen-reader-text\">KungFu<\/span><\/a><\/p>\n","protected":false},"author":1,"featured_media":0,"parent":0,"menu_order":0,"comment_status":"closed","ping_status":"closed","template":"","meta":{"ngg_post_thumbnail":0,"footnotes":""},"class_list":["post-226","page","type-page","status-publish","hentry"],"translation":{"provider":"WPGlobus","version":"3.0.0","language":"de","enabled_languages":["tr","en","de"],"languages":{"tr":{"title":true,"content":true,"excerpt":false},"en":{"title":true,"content":true,"excerpt":false},"de":{"title":true,"content":true,"excerpt":false}}},"_links":{"self":[{"href":"https:\/\/siaklakhang.com\/de\/wp-json\/wp\/v2\/pages\/226"}],"collection":[{"href":"https:\/\/siaklakhang.com\/de\/wp-json\/wp\/v2\/pages"}],"about":[{"href":"https:\/\/siaklakhang.com\/de\/wp-json\/wp\/v2\/types\/page"}],"author":[{"embeddable":true,"href":"https:\/\/siaklakhang.com\/de\/wp-json\/wp\/v2\/users\/1"}],"replies":[{"embeddable":true,"href":"https:\/\/siaklakhang.com\/de\/wp-json\/wp\/v2\/comments?post=226"}],"version-history":[{"count":7,"href":"https:\/\/siaklakhang.com\/de\/wp-json\/wp\/v2\/pages\/226\/revisions"}],"predecessor-version":[{"id":344,"href":"https:\/\/siaklakhang.com\/de\/wp-json\/wp\/v2\/pages\/226\/revisions\/344"}],"wp:attachment":[{"href":"https:\/\/siaklakhang.com\/de\/wp-json\/wp\/v2\/media?parent=226"}],"curies":[{"name":"wp","href":"https:\/\/api.w.org\/{rel}","templated":true}]}}