{"id":224,"date":"2017-10-04T21:09:25","date_gmt":"2017-10-04T21:09:25","guid":{"rendered":"http:\/\/209.97.179.44\/?page_id=224"},"modified":"2017-10-13T22:18:42","modified_gmt":"2017-10-13T19:18:42","slug":"akupunktur","status":"publish","type":"page","link":"https:\/\/siaklakhang.com\/de\/akupunktur\/","title":{"rendered":"Akupunktur"},"content":{"rendered":"<p style=\"text-align: left;\">Die Akupunktur ist eine der Methoden, die f\u00fcr die Behandlung von Krankheiten ist altes chinesisches Medizinsystem verwendet wird. Die Bedeutung der Klimaanlagen; welches tats\u00e4chlich eine lateinische Bezeichnung ist; ist Nadel; und die Bedeutung auf Durchbohren soll in haften. Im Porzellan wird die Akupunktur Chen-Chin(neddle-wormth) genannt. Nadel ist f\u00fcr Akupunktur und die Arbeit W\u00e4rme ist f\u00fcr moxibustion, das eine erg\u00e4nzende (Nachbehandlung) Behandlung ist. Moxibution brennt den Betrieb genannt Mugwort (Artemesia gemein) im Augenblick der Akupunktur. Obwohl die Geschichte von Akupunktur zur\u00fcck f\u00fcr 4-5 tausend Jahre in China geht, bekannt das Datum, als es begann benutzt zu werden, nicht noch f\u00fcr sicheres. Aber der Gr\u00fcnder dieser Behandlung wird gemeint, Huang-Ti (gelber Kaiser) zu sein. Das \u00dcbereinstimmen zur chinesischen Geschichte der Kaiser Huang_ti (B.C. 2698-2598) hat ihn erw\u00e4hnt, indem es dieses Soldaten, die durch einen Pfeil am Krieg verwundet wurden, wurden geheilt von bestimmten Krankheiten angab. Das erste Akupunkturbuch, das ausf\u00fchrliche Informationen enth\u00e4lt, ist das, das um B.C. 200 Hungdi Neiging Suwen geschrieben wird. Dieses Buch, das eine der alten wissenschaftlichen Studien ist, die in China geschrieben werden, wurde zur englischen Sprache mit dem Namen &#8220;gelben des Kaisers auf internationaler Medizin&#8221; \u00fcbersetzt. Einige Teile von jenen die sehr alte Hand, die B\u00fccher und Texte schriftlich ist, a\u00dfen in unseren H\u00e4nden. Zu der Zeit der Tsin Dynastie (A.C.265-420) entwickelten sich Akupunktur und Moxibution mit einer gro\u00dfen Geschwindigkeit. In der Handarbeit, die Zhen Jiu Jia Yi Ying genannt wurde (ein Klassiker von Akupunktur und von Moxibition) 349 Grundregelakupunkturpunkte wurden definiert und Liste von 649 Pl\u00e4tzen auf menschlichem K\u00f6rper wurden gegeben. Im Buch wurden die Akupunkturtheorie, die Punkte und auffangen des Gebrauches, sowie der Handhabung der Nadeln spezifiziert. Zu der Zeit der Zapfen-Dynastie zeigten Akupunktur und Moxibition eine ununterbrochene Entwicklung. Zu den Zeiten von gesungen, werden Stamm und Yuan Dynastien (690-1368) die Akupunktur und die Punkte auf menschlichem K\u00f6rper, die 657 in der Buch Zange Jen, das sie sind, Xue Zhen Jiu Tu Jing &#8220;Handbuch in den Punkten f\u00fcr Akupunktur und Moxbition veranschaulichten, wie auf der Bronzeabbildung gefunden&#8221; beschrieben werden und Informationen gegeben. Die Bronzeabbildung, die ein medizinisches p\u00e4dagogisches Modell ist, das 1027 gebildet wird, ist in unseren H\u00e4nden jetzt. Dieses p\u00e4dagogische Modell, das f\u00fcr die Pr\u00fcfungen der Kursteilnehmer benutzt wird, wird durch ein d\u00fcnnes Pflaster-aufnehmen umfa\u00dft. Der Kursteilnehmer haftet die Nadeln in das Pflasterklebeband, und wenn s\/he sie in richtig haftet, w\u00fcrde die Nadel in die Metallbohrung in der Seite gleiten. Auf diese Weise die Kursteilnehmer ablegten ihre Pr\u00fcfungen. 1068 war ein Lehrk\u00f6rperunterricht auf Akupunktur ge\u00f6ffnet. Die Handarbeit von Hua Shou &#8220;Shi Silikon Jing Fa Huei&#8221; die Vergr\u00f6\u00dferung von vierzehn F\u00fchrungen &#8220;hat einen bedeutenden Wert betreffend ist die Entwicklung der Theorie der F\u00fchrungen. Nach der Grundlage der Volksrepublik China, hat der Pr\u00e4sident Mao Tse Tung \u00fcber den Wert der chinesischen Medizin und der Pharmakologie erw\u00e4hnt, und gesagt, da\u00df zu bilden ist notwendig erforscht und holen Sie es zu einem h\u00f6heren Niveau. Diese Weise Akupunktur wurde noch einmal popul\u00e4r und viele unterschiedliche Arten von erforscht wurden begonnen. Warme und hei\u00dfe Nadeln wurden versucht, wurden Elektrizit\u00e4t und Simulation versucht, und Experimente \u00fcber Einspritzung des destillierten Wassers am Akupunkturpunkt wurden geleitet. Nachdem man die Schmerz eines Patienten behandelt hat, der eine Chirurgie der Tonsillektomie 1958 hatte, wird es aufgedeckt, da\u00df Akupunktur f\u00fcr Analgetika effektiv verwendet werden kann. In den wirksamen Analgetika begann Akupunktur, erstens verwendet zu werden; aktiv f\u00fcr Haben aus Z\u00e4hnen 1958. Nach der Pr\u00fcfung, da\u00df sie auf diesem erfolgreich ist, fangen Sie, es begann auch, in den throidectomy und der Hernie allgemein verwendet zu werden Operationen der Tonsillektomie, auf. In Europa begann Akupunktur, durch die Missionarsm\u00e4nner in XVII bekannt. Jahrhundert. Zuerst von allem ver\u00f6ffentlichte ein Chirurg, der Ren Rhyne genannt wurde, eine wissenschaftliche Untersuchung \u00fcber Akupunktur zwischen 1683-1690 in London. In 1863 M.Dabry, das gewesen ist, ver\u00f6ffentlichte das franz\u00f6sische Konsulat in China ein Buch, das &#8220;Medizin in China&#8221; genannt wurde. In diesem Buch wurden chinesische Impulse und ihre Bedeutungen und die Krankheiten studiert. Abfahren von XVII. Jahrhundert bis 1929 verschiedene europ\u00e4ische Autoren haben verschiedene 200 Artikel \u00fcber Akupunktur ver\u00f6ffentlicht. In 1929s mit der Unterst\u00fctzung von Dr. Ferreyrolles, M. Soulie begann De Morant, das gewesen ist, das Konsulat von Frankreich in China, alle chinesischen Arbeiten in seiner Hand zu \u00fcbersetzen. Durch diese \u00dcbersetzungen wurde Akupunktur, bekannt und verbritt weit in Europa.<\/p>\n<p style=\"text-align: left;\"><strong>ALLGEMEINE INFORMATIONEN <\/strong><\/p>\n<p style=\"text-align: left;\">Tao, das eine Religion ist, baute in China in VI auf. Jahrhundert war eine regierende Kraft des traditionellen Glaubens. Tao, das nie in der Natur \u00e4ndert, bildet sich herauf eine Justage und eine Balance Kraft, indem er gegen die Gegenkr\u00e4fte fungiert. Diese Gegenkraft unter dem Effekt von Tao ist Yin und Yang. Yin, ist das weibliche Element und ist kalt und dunkel und stellt die negativen Effekte wie Pazifik dar. Yang; ist das m\u00e4nnliche Element und ist warm und hell und stellt die positiven Eigenschaften dar. Die Vorbereitungen der t\u00e4glichen Happenings und des F\u00fchrens sie zum Vor-Bewu\u00dftsein sind ein Ph\u00e4nomen, das yin geh\u00f6rt. Bewegung, die Funktion, bildend herauf etwas ist die Funktion von yang. So lang wie diese zwei Kr\u00e4fte, die nicht getrennt werden k\u00f6nnen, aber, im menschlichen Wesen als Gegenst\u00fccke stattzufinden, bleiben Sie in der Balance, ist es unm\u00f6glich f\u00fcr diese Person, kranke oder Gef\u00fchlschmerz zu erhalten. Es wird angenommen, da\u00df alle Krankheiten und schmerzlichen Situationen wegen des unausgeglichenen Zustandes dieser zwei Kr\u00e4fte sind. Die traditionellen Akupunktur appliers glauben, da\u00df eine Kraft Chi (lebende Energie) das oben von der ausgeglichenen Mischung von yin und von yang im K\u00f6rper gebildet wird, Stromkreis um jene unsichtbaren F\u00fchrungen anrief, die um den K\u00f6rper in der L\u00e4nge einkreisen und Meridiane benannt wird. Diese F\u00fchrungen verbinden zusammen an der Oberfl\u00e4che und die inneren F\u00fchrungen des menschlichen K\u00f6rpers wie ein Netz und sie regulieren die K\u00f6rperfunktionen. In einem anderen Wort entsprechend dem traditionellen chinesischen Meinung yin und dem yang werden nicht lediglich immer gefunden. Sie sind immer in einem bestimmten Verh\u00e4ltnis der Mischung. Die Balance zwischen ihnen, Versorgungsmaterialien die optimale Funktion des Meridians und dem Organ, das mit diesem Meridian angeschlossen wird. Das Arbeiten der Gef\u00fchle und des Cerebrum, die Z\u00e4hne, Funktion kauend und schmeckend ist unter dem Anordnen von yang. So hat das yang das sympatric (adrenergische) System. Yin ist dem Punkte-symphatic (cholinergischen) System gleich. Yang Meridiane umkreisen entlang den dorsalen oder \u00e4u\u00dferen K\u00f6rperteil, da die yin Meridiane am ventralen oder inneren K\u00f6rperteil stattfinden. Yang Meridian bewegt von bis unten auf eine Person, die ist, hochhalten stehend und seine Arme. Der Yin Meridian ist auf der gegen\u00fcberliegenden Seite. In der Akupunktur meldet die Klassifikation von Meridianen ist unterschiedlich an. Wie pro die traditionelle chinesische Auffassung, werden die Meridiane in zwei Gruppen eingestuft. Sie sind die regelm\u00e4\u00dfigen Meridiane (12 Meridiane) und die Extra Meridiane (mit 8 Meridianen). Zus\u00e4tzlich gibt es collaterals, die den Anschlu\u00df zwischen Meridianen liefern. Die Meridiane werden symmetrisch in den K\u00f6rper verteilt; sie bilden sich herauf einen Anschlu\u00df mit Organen im K\u00f6rper nach innen, mit 4 Extremit\u00e4ten drau\u00dfen, mit Haut- und chordotonalorganen. Einer jeder 12 Meridiane geh\u00f6rt einem Organ im inneren K\u00f6rper.<\/p>\n","protected":false},"excerpt":{"rendered":"<p>Die Akupunktur ist eine der Methoden, die f\u00fcr die Behandlung von Krankheiten ist altes chinesisches Medizinsystem verwendet wird. Die Bedeutung der Klimaanlagen; welches tats\u00e4chlich eine lateinische Bezeichnung ist; ist Nadel; und die Bedeutung auf Durchbohren soll in haften. Im Porzellan wird die Akupunktur Chen-Chin(neddle-wormth) genannt. Nadel ist f\u00fcr Akupunktur und die Arbeit W\u00e4rme ist f\u00fcr &hellip; <a href=\"https:\/\/siaklakhang.com\/de\/akupunktur\/\" class=\"more-link\">Continue reading <span class=\"screen-reader-text\">Akupunktur<\/span><\/a><\/p>\n","protected":false},"author":1,"featured_media":0,"parent":0,"menu_order":0,"comment_status":"closed","ping_status":"closed","template":"","meta":{"ngg_post_thumbnail":0,"footnotes":""},"class_list":["post-224","page","type-page","status-publish","hentry"],"translation":{"provider":"WPGlobus","version":"3.0.0","language":"de","enabled_languages":["tr","en","de"],"languages":{"tr":{"title":true,"content":true,"excerpt":false},"en":{"title":true,"content":true,"excerpt":false},"de":{"title":true,"content":true,"excerpt":false}}},"_links":{"self":[{"href":"https:\/\/siaklakhang.com\/de\/wp-json\/wp\/v2\/pages\/224"}],"collection":[{"href":"https:\/\/siaklakhang.com\/de\/wp-json\/wp\/v2\/pages"}],"about":[{"href":"https:\/\/siaklakhang.com\/de\/wp-json\/wp\/v2\/types\/page"}],"author":[{"embeddable":true,"href":"https:\/\/siaklakhang.com\/de\/wp-json\/wp\/v2\/users\/1"}],"replies":[{"embeddable":true,"href":"https:\/\/siaklakhang.com\/de\/wp-json\/wp\/v2\/comments?post=224"}],"version-history":[{"count":3,"href":"https:\/\/siaklakhang.com\/de\/wp-json\/wp\/v2\/pages\/224\/revisions"}],"predecessor-version":[{"id":339,"href":"https:\/\/siaklakhang.com\/de\/wp-json\/wp\/v2\/pages\/224\/revisions\/339"}],"wp:attachment":[{"href":"https:\/\/siaklakhang.com\/de\/wp-json\/wp\/v2\/media?parent=224"}],"curies":[{"name":"wp","href":"https:\/\/api.w.org\/{rel}","templated":true}]}}