{"id":179,"date":"2017-10-04T20:58:05","date_gmt":"2017-10-04T20:58:05","guid":{"rendered":"http:\/\/209.97.179.44\/?page_id=179"},"modified":"2024-11-10T19:42:47","modified_gmt":"2024-11-10T16:42:47","slug":"duyurular","status":"publish","type":"page","link":"https:\/\/siaklakhang.com\/de\/","title":{"rendered":"Ank\u00fcndigungen"},"content":{"rendered":"\n<p><\/p>\n\n\n\n<p>Biser &#8220;Beyhur&#8221; Marinov Stoyanov hocam\u0131z\u0131n vefat haberini alm\u0131\u015f bulunmaktay\u0131m. Ba\u015f\u0131m\u0131z sa\u011folsun.<\/p>\n\n\n\n<figure class=\"wp-block-image size-large\"><img loading=\"lazy\" decoding=\"async\" width=\"499\" height=\"1024\" src=\"https:\/\/siaklakhang.com\/wp-content\/uploads\/2024\/11\/WhatsApp-Image-2024-11-10-at-15.36.56-499x1024.jpeg\" alt=\"\" class=\"wp-image-599\" srcset=\"https:\/\/siaklakhang.com\/wp-content\/uploads\/2024\/11\/WhatsApp-Image-2024-11-10-at-15.36.56-499x1024.jpeg 499w, https:\/\/siaklakhang.com\/wp-content\/uploads\/2024\/11\/WhatsApp-Image-2024-11-10-at-15.36.56-146x300.jpeg 146w, https:\/\/siaklakhang.com\/wp-content\/uploads\/2024\/11\/WhatsApp-Image-2024-11-10-at-15.36.56-768x1575.jpeg 768w, https:\/\/siaklakhang.com\/wp-content\/uploads\/2024\/11\/WhatsApp-Image-2024-11-10-at-15.36.56-749x1536.jpeg 749w, https:\/\/siaklakhang.com\/wp-content\/uploads\/2024\/11\/WhatsApp-Image-2024-11-10-at-15.36.56.jpeg 780w\" sizes=\"(max-width: 499px) 100vw, 499px\" \/><\/figure>\n\n\n\n<p>Mezar\u0131n\u0131n Bulgaristan Silistre T\u00fcrk mezarl\u0131\u011f\u0131nda oldu\u011fu bilgisini ald\u0131k.<\/p>\n\n\n\n<p>Hocam\u0131zla ilgili an\u0131lar\u0131n\u0131z\u0131 ve foto\u011fralar\u0131n\u0131z\u0131 payla\u015fmak i\u00e7in bu gruba kat\u0131labilirsiniz:<\/p>\n\n\n\n<p>biser-hoca-anma-grubu@googlegroups.com<\/p>\n\n\n\n<p>1971-2021<br><\/p>\n\n\n\n<p><\/p>\n","protected":false},"excerpt":{"rendered":"<p>Biser &#8220;Beyhur&#8221; Marinov Stoyanov hocam\u0131z\u0131n vefat haberini alm\u0131\u015f bulunmaktay\u0131m. Ba\u015f\u0131m\u0131z sa\u011folsun. Mezar\u0131n\u0131n Bulgaristan Silistre T\u00fcrk mezarl\u0131\u011f\u0131nda oldu\u011fu bilgisini ald\u0131k. Hocam\u0131zla ilgili an\u0131lar\u0131n\u0131z\u0131 ve foto\u011fralar\u0131n\u0131z\u0131 payla\u015fmak i\u00e7in bu gruba kat\u0131labilirsiniz: biser-hoca-anma-grubu@googlegroups.com 1971-2021<\/p>\n","protected":false},"author":2,"featured_media":0,"parent":0,"menu_order":0,"comment_status":"open","ping_status":"closed","template":"","meta":{"ngg_post_thumbnail":0,"footnotes":""},"class_list":["post-179","page","type-page","status-publish","hentry"],"translation":{"provider":"WPGlobus","version":"3.0.0","language":"de","enabled_languages":["tr","en","de"],"languages":{"tr":{"title":true,"content":true,"excerpt":false},"en":{"title":true,"content":false,"excerpt":false},"de":{"title":true,"content":false,"excerpt":false}}},"_links":{"self":[{"href":"https:\/\/siaklakhang.com\/de\/wp-json\/wp\/v2\/pages\/179"}],"collection":[{"href":"https:\/\/siaklakhang.com\/de\/wp-json\/wp\/v2\/pages"}],"about":[{"href":"https:\/\/siaklakhang.com\/de\/wp-json\/wp\/v2\/types\/page"}],"author":[{"embeddable":true,"href":"https:\/\/siaklakhang.com\/de\/wp-json\/wp\/v2\/users\/2"}],"replies":[{"embeddable":true,"href":"https:\/\/siaklakhang.com\/de\/wp-json\/wp\/v2\/comments?post=179"}],"version-history":[{"count":10,"href":"https:\/\/siaklakhang.com\/de\/wp-json\/wp\/v2\/pages\/179\/revisions"}],"predecessor-version":[{"id":601,"href":"https:\/\/siaklakhang.com\/de\/wp-json\/wp\/v2\/pages\/179\/revisions\/601"}],"wp:attachment":[{"href":"https:\/\/siaklakhang.com\/de\/wp-json\/wp\/v2\/media?parent=179"}],"curies":[{"name":"wp","href":"https:\/\/api.w.org\/{rel}","templated":true}]}}