{"id":157,"date":"2017-10-04T18:30:18","date_gmt":"2017-10-04T18:30:18","guid":{"rendered":"http:\/\/209.97.179.44\/?page_id=157"},"modified":"2017-10-13T22:22:45","modified_gmt":"2017-10-13T19:22:45","slug":"biser-marinov-stoyanov","status":"publish","type":"page","link":"https:\/\/siaklakhang.com\/de\/biser-marinov-stoyanov\/","title":{"rendered":"Biser Marinov Stoyanov"},"content":{"rendered":"<p><img loading=\"lazy\" decoding=\"async\" class=\"wp-image-220 aligncenter\" src=\"http:\/\/209.97.179.44\/wp-content\/uploads\/2017\/10\/c9--300x225.jpg\" alt=\"\" width=\"383\" height=\"287\" srcset=\"https:\/\/siaklakhang.com\/wp-content\/uploads\/2017\/10\/c9--300x225.jpg 300w, https:\/\/siaklakhang.com\/wp-content\/uploads\/2017\/10\/c9--768x576.jpg 768w, https:\/\/siaklakhang.com\/wp-content\/uploads\/2017\/10\/c9--1024x768.jpg 1024w, https:\/\/siaklakhang.com\/wp-content\/uploads\/2017\/10\/c9-.jpg 1280w\" sizes=\"(max-width: 383px) 100vw, 383px\" \/><\/p>\n<p>Biser Marinov Stoyanov ist in der Silistra Stadt von Bulgarien im Jahr 1971 geboren. Er gr\u00fcndete die bulgarische und russische Whusu Vereinigung. Er begann mit seiner Ausbildung auf k\u00e4mpfenden k\u00fcnsten 1977. In einer langen Periode ANPASSEN der Vietnam k\u00e4mpfende Meistersortierfach-Ventilator, das Hua Hvan und das Fam Zui Zui an der Schule Vl VIETNAM ASSOCATION KIM DES PFANDRECHTS HOA ausbildeten ihn. Er sehnte sich nach mehr Ausbildung, also reiste er viel. Seine Suche beendete in Thailand am Buddha Monastery. Er ist ein Kursteilnehmer des gro\u00dfartigen grossen Vorlagenlao Vongvilay am Monastery gewesen. W\u00e4hrend der acht intensiven p\u00e4dagogischen Jahre hat er den traditionellen System Siak Lak Fall von Kung-Fu erlernt, das nur diesem Monastery geh\u00f6rt. Sp\u00e4ter arbeitete er auf anderen inneren Arten wie Tai Chi-Chuan, Shaolin Boksu, China Na, Ney Dza, und er erreichte viele Erfolge an den internationalen Turnieren an vielen Pl\u00e4tzen wie Malaysia, Kuala Lumpur, Thailand, Bank Kong. Er fuhr mit seinen Erfolgen an den internationalen Turnieren fort und wurde der europ\u00e4ische Meister f\u00fcr 3 Jahre, bulgarischer Meister f\u00fcr 5 Jahre und der Balkan Meister f\u00fcr 5 Jahre. Er ist ganz um die Welt gewesen und hat vielen Leuten Ausbildung gegeben. Sein anwesender Anschlag ist jetzt die T\u00fcrkei. Er setzt sein Training Istanbul Acarkent am Kolosseum fort. Er weist Yogalektionen an und wendet regelm\u00e4\u00dfige Behandlungtherapien mit Akupunktur und Massage zus\u00e4tzlich zum Kung-Fu Training an. Unter seinen Kursteilnehmern gibt es auch so, die Spezialausbildung im jungen und alten Alter au\u00dferdem ben\u00f6tigen. Ich danke Ihnen f\u00fcr Ihr freundliches Interesse und w\u00fcnsche Ihnen Erfolg in Ihrer Arbeit.<\/p>\n<p><img loading=\"lazy\" decoding=\"async\" class=\"size-medium wp-image-265 aligncenter\" src=\"http:\/\/209.97.179.44\/wp-content\/uploads\/2017\/10\/bms9-225x300.jpg\" alt=\"\" width=\"225\" height=\"300\" srcset=\"https:\/\/siaklakhang.com\/wp-content\/uploads\/2017\/10\/bms9-225x300.jpg 225w, https:\/\/siaklakhang.com\/wp-content\/uploads\/2017\/10\/bms9-768x1024.jpg 768w\" sizes=\"(max-width: 225px) 100vw, 225px\" \/><\/p>\n","protected":false},"excerpt":{"rendered":"<p>Biser Marinov Stoyanov ist in der Silistra Stadt von Bulgarien im Jahr 1971 geboren. Er gr\u00fcndete die bulgarische und russische Whusu Vereinigung. Er begann mit seiner Ausbildung auf k\u00e4mpfenden k\u00fcnsten 1977. In einer langen Periode ANPASSEN der Vietnam k\u00e4mpfende Meistersortierfach-Ventilator, das Hua Hvan und das Fam Zui Zui an der Schule Vl VIETNAM ASSOCATION KIM &hellip; <a href=\"https:\/\/siaklakhang.com\/de\/biser-marinov-stoyanov\/\" class=\"more-link\">Continue reading <span class=\"screen-reader-text\">Biser Marinov Stoyanov<\/span><\/a><\/p>\n","protected":false},"author":1,"featured_media":0,"parent":0,"menu_order":0,"comment_status":"closed","ping_status":"closed","template":"","meta":{"ngg_post_thumbnail":0,"footnotes":""},"class_list":["post-157","page","type-page","status-publish","hentry"],"translation":{"provider":"WPGlobus","version":"3.0.0","language":"de","enabled_languages":["tr","en","de"],"languages":{"tr":{"title":true,"content":true,"excerpt":false},"en":{"title":true,"content":true,"excerpt":false},"de":{"title":true,"content":true,"excerpt":false}}},"_links":{"self":[{"href":"https:\/\/siaklakhang.com\/de\/wp-json\/wp\/v2\/pages\/157"}],"collection":[{"href":"https:\/\/siaklakhang.com\/de\/wp-json\/wp\/v2\/pages"}],"about":[{"href":"https:\/\/siaklakhang.com\/de\/wp-json\/wp\/v2\/types\/page"}],"author":[{"embeddable":true,"href":"https:\/\/siaklakhang.com\/de\/wp-json\/wp\/v2\/users\/1"}],"replies":[{"embeddable":true,"href":"https:\/\/siaklakhang.com\/de\/wp-json\/wp\/v2\/comments?post=157"}],"version-history":[{"count":8,"href":"https:\/\/siaklakhang.com\/de\/wp-json\/wp\/v2\/pages\/157\/revisions"}],"predecessor-version":[{"id":341,"href":"https:\/\/siaklakhang.com\/de\/wp-json\/wp\/v2\/pages\/157\/revisions\/341"}],"wp:attachment":[{"href":"https:\/\/siaklakhang.com\/de\/wp-json\/wp\/v2\/media?parent=157"}],"curies":[{"name":"wp","href":"https:\/\/api.w.org\/{rel}","templated":true}]}}